{"id":23,"date":"2018-05-23T06:21:50","date_gmt":"2018-05-23T06:21:50","guid":{"rendered":"http:\/\/rarathemesdemo.com\/perfect-portfolio\/?page_id=23"},"modified":"2023-03-21T09:29:52","modified_gmt":"2023-03-21T09:29:52","slug":"morgane_esnault","status":"publish","type":"page","link":"https:\/\/morgane-esnault.fr\/?page_id=23","title":{"rendered":"Morgane Esnault"},"content":{"rendered":"<div class=\"wp-block-image\">\n<figure class=\"aligncenter size-full is-resized\"><img loading=\"lazy\" decoding=\"async\" src=\"https:\/\/morgane-esnault.fr\/wp-content\/uploads\/2023\/02\/autoportrait_sml.png\" alt=\"\" class=\"wp-image-656\" width=\"289\" height=\"289\" srcset=\"https:\/\/morgane-esnault.fr\/wp-content\/uploads\/2023\/02\/autoportrait_sml.png 573w, https:\/\/morgane-esnault.fr\/wp-content\/uploads\/2023\/02\/autoportrait_sml-300x300.png 300w, https:\/\/morgane-esnault.fr\/wp-content\/uploads\/2023\/02\/autoportrait_sml-150x150.png 150w, https:\/\/morgane-esnault.fr\/wp-content\/uploads\/2023\/02\/autoportrait_sml-60x60.png 60w\" sizes=\"auto, (max-width: 289px) 100vw, 289px\" \/><\/figure>\n<\/div>\n\n<p>Plong\u00e9 dans la fantasy et la science-fiction depuis l&#8217;enfance, j&#8217;ai d\u00e9cid\u00e9 \u00e9tant petite que je pourrais inventer mon propre monde \u00e0 travers mes dessins. Et je n&#8217;ai pas arr\u00eat\u00e9 depuis!<\/p>\n<p>Apr\u00e8s \u00eatre pass\u00e9 par la 2D et le pixel art, je suis rentr\u00e9e \u00e0 l&#8217;ESRA pour travailler la 3D et les films d&#8217;animation. Forte d&#8217;une exp\u00e9rience pluridisciplinaire, je travaille maintenant en tant qu&#8217;intermittente et freelance depuis presque 15 ans. Tr\u00e8s attach\u00e9e \u00e0 la r\u00e9gion bretonne et \u00e0 son folklore, je suis rest\u00e9e dans ma r\u00e9gion natale mais je travaille aussi bien \u00e0 distance.<\/p>\n<p>J&#8217;ai eu la chance de travailler autant sur des films, des s\u00e9ries d&#8217;animations , des jeux vid\u00e9os que sur de nombreux faire-part ou affiches.<\/p>","protected":false},"excerpt":{"rendered":"<p>Plong\u00e9 dans la fantasy et la science-fiction depuis l&#8217;enfance, j&#8217;ai d\u00e9cid\u00e9 \u00e9tant petite que je pourrais inventer mon propre monde \u00e0 travers mes dessins. Et je n&#8217;ai pas arr\u00eat\u00e9 depuis! Apr\u00e8s \u00eatre pass\u00e9 par la 2D et le pixel art, je suis rentr\u00e9e \u00e0 l&#8217;ESRA pour travailler la 3D et les films d&#8217;animation. Forte d&#8217;une &hellip; <\/p>\n","protected":false},"author":1,"featured_media":0,"parent":0,"menu_order":0,"comment_status":"closed","ping_status":"closed","template":"","meta":{"footnotes":""},"class_list":["post-23","page","type-page","status-publish","hentry"],"yoast_head":"<!-- This site is optimized with the Yoast SEO plugin v27.4 - https:\/\/yoast.com\/product\/yoast-seo-wordpress\/ -->\n<title>Morgane Esnault - MORGANE ESNAULT<\/title>\n<meta name=\"robots\" content=\"index, follow, max-snippet:-1, max-image-preview:large, max-video-preview:-1\" \/>\n<link rel=\"canonical\" href=\"https:\/\/morgane-esnault.fr\/?page_id=23\" \/>\n<meta property=\"og:locale\" content=\"en_US\" \/>\n<meta property=\"og:type\" content=\"article\" \/>\n<meta property=\"og:title\" content=\"Morgane Esnault - MORGANE ESNAULT\" \/>\n<meta property=\"og:description\" content=\"Plong\u00e9 dans la fantasy et la science-fiction depuis l&#8217;enfance, j&#8217;ai d\u00e9cid\u00e9 \u00e9tant petite que je pourrais inventer mon propre monde \u00e0 travers mes dessins. Et je n&#8217;ai pas arr\u00eat\u00e9 depuis! Apr\u00e8s \u00eatre pass\u00e9 par la 2D et le pixel art, je suis rentr\u00e9e \u00e0 l&#8217;ESRA pour travailler la 3D et les films d&#8217;animation. Forte d&#8217;une &hellip;\" \/>\n<meta property=\"og:url\" content=\"https:\/\/morgane-esnault.fr\/?page_id=23\" \/>\n<meta property=\"og:site_name\" content=\"MORGANE ESNAULT\" \/>\n<meta property=\"article:publisher\" content=\"https:\/\/www.facebook.com\/morgune.bzh\" \/>\n<meta property=\"article:modified_time\" content=\"2023-03-21T09:29:52+00:00\" \/>\n<meta property=\"og:image\" content=\"http:\/\/morgane-esnault.fr\/wp-content\/uploads\/2023\/02\/autoportrait_sml.png\" \/>\n<meta name=\"twitter:card\" content=\"summary_large_image\" \/>\n<meta name=\"twitter:label1\" content=\"Est. reading time\" \/>\n\t<meta name=\"twitter:data1\" content=\"1 minute\" \/>\n<script type=\"application\/ld+json\" class=\"yoast-schema-graph\">{\"@context\":\"https:\\\/\\\/schema.org\",\"@graph\":[{\"@type\":\"WebPage\",\"@id\":\"https:\\\/\\\/morgane-esnault.fr\\\/?page_id=23\",\"url\":\"https:\\\/\\\/morgane-esnault.fr\\\/?page_id=23\",\"name\":\"Morgane Esnault - MORGANE ESNAULT\",\"isPartOf\":{\"@id\":\"https:\\\/\\\/morgane-esnault.fr\\\/#website\"},\"primaryImageOfPage\":{\"@id\":\"https:\\\/\\\/morgane-esnault.fr\\\/?page_id=23#primaryimage\"},\"image\":{\"@id\":\"https:\\\/\\\/morgane-esnault.fr\\\/?page_id=23#primaryimage\"},\"thumbnailUrl\":\"http:\\\/\\\/morgane-esnault.fr\\\/wp-content\\\/uploads\\\/2023\\\/02\\\/autoportrait_sml.png\",\"datePublished\":\"2018-05-23T06:21:50+00:00\",\"dateModified\":\"2023-03-21T09:29:52+00:00\",\"breadcrumb\":{\"@id\":\"https:\\\/\\\/morgane-esnault.fr\\\/?page_id=23#breadcrumb\"},\"inLanguage\":\"en-US\",\"potentialAction\":[{\"@type\":\"ReadAction\",\"target\":[\"https:\\\/\\\/morgane-esnault.fr\\\/?page_id=23\"]}]},{\"@type\":\"ImageObject\",\"inLanguage\":\"en-US\",\"@id\":\"https:\\\/\\\/morgane-esnault.fr\\\/?page_id=23#primaryimage\",\"url\":\"https:\\\/\\\/morgane-esnault.fr\\\/wp-content\\\/uploads\\\/2023\\\/02\\\/autoportrait_sml.png\",\"contentUrl\":\"https:\\\/\\\/morgane-esnault.fr\\\/wp-content\\\/uploads\\\/2023\\\/02\\\/autoportrait_sml.png\",\"width\":573,\"height\":573},{\"@type\":\"BreadcrumbList\",\"@id\":\"https:\\\/\\\/morgane-esnault.fr\\\/?page_id=23#breadcrumb\",\"itemListElement\":[{\"@type\":\"ListItem\",\"position\":1,\"name\":\"Home\",\"item\":\"https:\\\/\\\/morgane-esnault.fr\\\/\"},{\"@type\":\"ListItem\",\"position\":2,\"name\":\"Morgane Esnault\"}]},{\"@type\":\"WebSite\",\"@id\":\"https:\\\/\\\/morgane-esnault.fr\\\/#website\",\"url\":\"https:\\\/\\\/morgane-esnault.fr\\\/\",\"name\":\"MORGANE ESNAULT\",\"description\":\"creative &amp; Design\",\"publisher\":{\"@id\":\"https:\\\/\\\/morgane-esnault.fr\\\/#organization\"},\"potentialAction\":[{\"@type\":\"SearchAction\",\"target\":{\"@type\":\"EntryPoint\",\"urlTemplate\":\"https:\\\/\\\/morgane-esnault.fr\\\/?s={search_term_string}\"},\"query-input\":{\"@type\":\"PropertyValueSpecification\",\"valueRequired\":true,\"valueName\":\"search_term_string\"}}],\"inLanguage\":\"en-US\"},{\"@type\":\"Organization\",\"@id\":\"https:\\\/\\\/morgane-esnault.fr\\\/#organization\",\"name\":\"MORGANE ESNAULT\",\"url\":\"https:\\\/\\\/morgane-esnault.fr\\\/\",\"logo\":{\"@type\":\"ImageObject\",\"inLanguage\":\"en-US\",\"@id\":\"https:\\\/\\\/morgane-esnault.fr\\\/#\\\/schema\\\/logo\\\/image\\\/\",\"url\":\"https:\\\/\\\/morgane-esnault.fr\\\/wp-content\\\/uploads\\\/2023\\\/02\\\/cropped-cropped-logo_v2.png\",\"contentUrl\":\"https:\\\/\\\/morgane-esnault.fr\\\/wp-content\\\/uploads\\\/2023\\\/02\\\/cropped-cropped-logo_v2.png\",\"width\":313,\"height\":313,\"caption\":\"MORGANE ESNAULT\"},\"image\":{\"@id\":\"https:\\\/\\\/morgane-esnault.fr\\\/#\\\/schema\\\/logo\\\/image\\\/\"},\"sameAs\":[\"https:\\\/\\\/www.facebook.com\\\/morgune.bzh\",\"http:\\\/\\\/instagram.com\\\/morgane_esnault_art\"]}]}<\/script>\n<!-- \/ Yoast SEO plugin. -->","yoast_head_json":{"title":"Morgane Esnault - MORGANE ESNAULT","robots":{"index":"index","follow":"follow","max-snippet":"max-snippet:-1","max-image-preview":"max-image-preview:large","max-video-preview":"max-video-preview:-1"},"canonical":"https:\/\/morgane-esnault.fr\/?page_id=23","og_locale":"en_US","og_type":"article","og_title":"Morgane Esnault - MORGANE ESNAULT","og_description":"Plong\u00e9 dans la fantasy et la science-fiction depuis l&#8217;enfance, j&#8217;ai d\u00e9cid\u00e9 \u00e9tant petite que je pourrais inventer mon propre monde \u00e0 travers mes dessins. Et je n&#8217;ai pas arr\u00eat\u00e9 depuis! Apr\u00e8s \u00eatre pass\u00e9 par la 2D et le pixel art, je suis rentr\u00e9e \u00e0 l&#8217;ESRA pour travailler la 3D et les films d&#8217;animation. Forte d&#8217;une &hellip;","og_url":"https:\/\/morgane-esnault.fr\/?page_id=23","og_site_name":"MORGANE ESNAULT","article_publisher":"https:\/\/www.facebook.com\/morgune.bzh","article_modified_time":"2023-03-21T09:29:52+00:00","og_image":[{"url":"http:\/\/morgane-esnault.fr\/wp-content\/uploads\/2023\/02\/autoportrait_sml.png","type":"","width":"","height":""}],"twitter_card":"summary_large_image","twitter_misc":{"Est. reading time":"1 minute"},"schema":{"@context":"https:\/\/schema.org","@graph":[{"@type":"WebPage","@id":"https:\/\/morgane-esnault.fr\/?page_id=23","url":"https:\/\/morgane-esnault.fr\/?page_id=23","name":"Morgane Esnault - MORGANE ESNAULT","isPartOf":{"@id":"https:\/\/morgane-esnault.fr\/#website"},"primaryImageOfPage":{"@id":"https:\/\/morgane-esnault.fr\/?page_id=23#primaryimage"},"image":{"@id":"https:\/\/morgane-esnault.fr\/?page_id=23#primaryimage"},"thumbnailUrl":"http:\/\/morgane-esnault.fr\/wp-content\/uploads\/2023\/02\/autoportrait_sml.png","datePublished":"2018-05-23T06:21:50+00:00","dateModified":"2023-03-21T09:29:52+00:00","breadcrumb":{"@id":"https:\/\/morgane-esnault.fr\/?page_id=23#breadcrumb"},"inLanguage":"en-US","potentialAction":[{"@type":"ReadAction","target":["https:\/\/morgane-esnault.fr\/?page_id=23"]}]},{"@type":"ImageObject","inLanguage":"en-US","@id":"https:\/\/morgane-esnault.fr\/?page_id=23#primaryimage","url":"https:\/\/morgane-esnault.fr\/wp-content\/uploads\/2023\/02\/autoportrait_sml.png","contentUrl":"https:\/\/morgane-esnault.fr\/wp-content\/uploads\/2023\/02\/autoportrait_sml.png","width":573,"height":573},{"@type":"BreadcrumbList","@id":"https:\/\/morgane-esnault.fr\/?page_id=23#breadcrumb","itemListElement":[{"@type":"ListItem","position":1,"name":"Home","item":"https:\/\/morgane-esnault.fr\/"},{"@type":"ListItem","position":2,"name":"Morgane Esnault"}]},{"@type":"WebSite","@id":"https:\/\/morgane-esnault.fr\/#website","url":"https:\/\/morgane-esnault.fr\/","name":"MORGANE ESNAULT","description":"creative &amp; Design","publisher":{"@id":"https:\/\/morgane-esnault.fr\/#organization"},"potentialAction":[{"@type":"SearchAction","target":{"@type":"EntryPoint","urlTemplate":"https:\/\/morgane-esnault.fr\/?s={search_term_string}"},"query-input":{"@type":"PropertyValueSpecification","valueRequired":true,"valueName":"search_term_string"}}],"inLanguage":"en-US"},{"@type":"Organization","@id":"https:\/\/morgane-esnault.fr\/#organization","name":"MORGANE ESNAULT","url":"https:\/\/morgane-esnault.fr\/","logo":{"@type":"ImageObject","inLanguage":"en-US","@id":"https:\/\/morgane-esnault.fr\/#\/schema\/logo\/image\/","url":"https:\/\/morgane-esnault.fr\/wp-content\/uploads\/2023\/02\/cropped-cropped-logo_v2.png","contentUrl":"https:\/\/morgane-esnault.fr\/wp-content\/uploads\/2023\/02\/cropped-cropped-logo_v2.png","width":313,"height":313,"caption":"MORGANE ESNAULT"},"image":{"@id":"https:\/\/morgane-esnault.fr\/#\/schema\/logo\/image\/"},"sameAs":["https:\/\/www.facebook.com\/morgune.bzh","http:\/\/instagram.com\/morgane_esnault_art"]}]}},"jetpack_sharing_enabled":true,"_links":{"self":[{"href":"https:\/\/morgane-esnault.fr\/index.php?rest_route=\/wp\/v2\/pages\/23","targetHints":{"allow":["GET"]}}],"collection":[{"href":"https:\/\/morgane-esnault.fr\/index.php?rest_route=\/wp\/v2\/pages"}],"about":[{"href":"https:\/\/morgane-esnault.fr\/index.php?rest_route=\/wp\/v2\/types\/page"}],"author":[{"embeddable":true,"href":"https:\/\/morgane-esnault.fr\/index.php?rest_route=\/wp\/v2\/users\/1"}],"replies":[{"embeddable":true,"href":"https:\/\/morgane-esnault.fr\/index.php?rest_route=%2Fwp%2Fv2%2Fcomments&post=23"}],"version-history":[{"count":4,"href":"https:\/\/morgane-esnault.fr\/index.php?rest_route=\/wp\/v2\/pages\/23\/revisions"}],"predecessor-version":[{"id":834,"href":"https:\/\/morgane-esnault.fr\/index.php?rest_route=\/wp\/v2\/pages\/23\/revisions\/834"}],"wp:attachment":[{"href":"https:\/\/morgane-esnault.fr\/index.php?rest_route=%2Fwp%2Fv2%2Fmedia&parent=23"}],"curies":[{"name":"wp","href":"https:\/\/api.w.org\/{rel}","templated":true}]}}